{"id":26,"date":"2025-06-02T03:15:27","date_gmt":"2025-06-02T03:15:27","guid":{"rendered":"https:\/\/noithatong.vn\/services-03\/"},"modified":"2025-06-02T03:15:27","modified_gmt":"2025-06-02T03:15:27","slug":"services-03","status":"publish","type":"page","link":"https:\/\/noithatong.vn\/vi\/services-03\/","title":{"rendered":"Services 03"},"content":{"rendered":"<div data-elementor-type=\"wp-page\" data-elementor-id=\"26\" class=\"elementor elementor-26\">\n\t\t\t\t<div class=\"elementor-element elementor-element-ca76dce e-flex e-con-boxed e-con e-parent\" data-id=\"ca76dce\" data-element_type=\"container\">\n\t\t\t\t\t<div class=\"e-con-inner\">\n\t\t<div class=\"elementor-element elementor-element-4362096 e-con-full e-flex e-con e-child\" data-id=\"4362096\" data-element_type=\"container\">\n\t\t<div class=\"elementor-element elementor-element-73bd7df e-con-full e-flex e-con e-child\" data-id=\"73bd7df\" data-element_type=\"container\">\n\t\t\t\t<div class=\"elementor-element elementor-element-7947953 elementor-absolute elementor-hidden-mobile elementor-view-default elementor-invisible elementor-widget elementor-widget-icon\" data-id=\"7947953\" data-element_type=\"widget\" data-settings=\"{&quot;_position&quot;:&quot;absolute&quot;,&quot;motion_fx_motion_fx_scrolling&quot;:&quot;yes&quot;,&quot;motion_fx_translateX_effect&quot;:&quot;yes&quot;,&quot;motion_fx_translateX_speed&quot;:{&quot;unit&quot;:&quot;px&quot;,&quot;size&quot;:1.5,&quot;sizes&quot;:[]},&quot;_animation&quot;:&quot;opal-move-right&quot;,&quot;motion_fx_translateX_affectedRange&quot;:{&quot;unit&quot;:&quot;%&quot;,&quot;size&quot;:&quot;&quot;,&quot;sizes&quot;:{&quot;start&quot;:0,&quot;end&quot;:100}},&quot;motion_fx_devices&quot;:[&quot;desktop&quot;,&quot;laptop&quot;,&quot;tablet_extra&quot;,&quot;tablet&quot;,&quot;mobile_extra&quot;,&quot;mobile&quot;]}\" data-widget_type=\"icon.default\">\n\t\t\t\t\t\t\t<div class=\"elementor-icon-wrapper\">\n\t\t\t<div class=\"elementor-icon\">\n\t\t\t\t\t\t<\/div>\n\t\t<\/div>\n\t\t\t\t\t\t<\/div>\n\t\t\t\t<div class=\"elementor-element elementor-element-9b0772f elementor-icon-list--layout-traditional elementor-list-item-link-full_width elementor-invisible elementor-widget elementor-widget-icon-list\" data-id=\"9b0772f\" data-element_type=\"widget\" data-settings=\"{&quot;_animation&quot;:&quot;opal-move-right&quot;}\" data-widget_type=\"icon-list.default\">\n\t\t\t\t\t\t\t<ul class=\"elementor-icon-list-items\">\n\t\t\t\t\t\t\t<li class=\"elementor-icon-list-item\">\n\t\t\t\t\t\t\t\t\t\t\t<span class=\"elementor-icon-list-icon\">\n\t\t\t\t\t\t\t<svg aria-hidden=\"true\" class=\"e-font-icon-svg e-fas-circle\" viewbox=\"0 0 512 512\" xmlns=\"http:\/\/www.w3.org\/2000\/svg\"><path d=\"M256 8C119 8 8 119 8 256s111 248 248 248 248-111 248-248S393 8 256 8z\"><\/path><\/svg>\t\t\t\t\t\t<\/span>\n\t\t\t\t\t\t\t\t\t\t<span class=\"elementor-icon-list-text\">D\u1ecbch v\u1ee5 c\u1ee7a ch\u00fang t\u00f4i<\/span>\n\t\t\t\t\t\t\t\t\t<\/li>\n\t\t\t\t\t\t<\/ul>\n\t\t\t\t\t\t<\/div>\n\t\t\t\t<div class=\"elementor-element elementor-element-1f06e9c elementor-widget__width-auto elementor-absolute elementor-hidden-mobile elementor-view-default elementor-invisible elementor-widget elementor-widget-icon\" data-id=\"1f06e9c\" data-element_type=\"widget\" data-settings=\"{&quot;_position&quot;:&quot;absolute&quot;,&quot;motion_fx_motion_fx_scrolling&quot;:&quot;yes&quot;,&quot;motion_fx_translateY_effect&quot;:&quot;yes&quot;,&quot;motion_fx_translateY_direction&quot;:&quot;negative&quot;,&quot;motion_fx_translateY_speed&quot;:{&quot;unit&quot;:&quot;px&quot;,&quot;size&quot;:1.2,&quot;sizes&quot;:[]},&quot;_animation&quot;:&quot;opal-move-down&quot;,&quot;motion_fx_translateY_affectedRange&quot;:{&quot;unit&quot;:&quot;%&quot;,&quot;size&quot;:&quot;&quot;,&quot;sizes&quot;:{&quot;start&quot;:0,&quot;end&quot;:100}},&quot;motion_fx_devices&quot;:[&quot;desktop&quot;,&quot;laptop&quot;,&quot;tablet_extra&quot;,&quot;tablet&quot;,&quot;mobile_extra&quot;,&quot;mobile&quot;]}\" data-widget_type=\"icon.default\">\n\t\t\t\t\t\t\t<div class=\"elementor-icon-wrapper\">\n\t\t\t<div class=\"elementor-icon\">\n\t\t\t\t\t\t<\/div>\n\t\t<\/div>\n\t\t\t\t\t\t<\/div>\n\t\t\t\t<\/div>\n\t\t<div class=\"elementor-element elementor-element-bf601b2 e-con-full e-flex e-con e-child\" data-id=\"bf601b2\" data-element_type=\"container\">\n\t\t\t\t<div class=\"elementor-element elementor-element-f94c29f elementor-widget__width-initial elementor-invisible elementor-widget elementor-widget-heading\" data-id=\"f94c29f\" data-element_type=\"widget\" data-settings=\"{&quot;_animation&quot;:&quot;opal-move-left&quot;}\" data-widget_type=\"heading.default\">\n\t\t\t\t\t<h2 data-cursor=\"-opaque\" class=\"elementor-heading-title elementor-size-default\">Kh\u00e1m ph\u00e1 c\u00e1c d\u1ecbch v\u1ee5 <span class=\"c-primary\">thi\u1ebft k\u1ebf n\u1ed9i th\u1ea5t<\/span> c\u1ee7a ch\u00fang t\u00f4i<\/h2>\t\t\t\t<\/div>\n\t\t\t\t<div class=\"elementor-element elementor-element-fc85477 elementor-widget__width-initial elementor-invisible elementor-widget elementor-widget-text-editor\" data-id=\"fc85477\" data-element_type=\"widget\" data-settings=\"{&quot;_animation&quot;:&quot;opal-move-left&quot;}\" data-widget_type=\"text-editor.default\">\n\t\t\t\t\t\t\t\t\t<p>We specialize in transforming visions into reality. Explore our portfolio of innovative architectural and interior design projects crafted with precision.<\/p>\t\t\t\t\t\t\t\t<\/div>\n\t\t\t\t<\/div>\n\t\t\t\t<\/div>\n\t\t\t\t<div class=\"elementor-element elementor-element-b0fc4b6 elementor-grid-3 elementor-grid-tablet-2 elementor-grid-mobile-1 service-block-positions-yes antra-services-style-1 elementor-invisible elementor-widget elementor-widget-antra-services-list\" data-id=\"b0fc4b6\" data-element_type=\"widget\" data-settings=\"{&quot;column&quot;:&quot;3&quot;,&quot;column_tablet&quot;:&quot;2&quot;,&quot;column_mobile&quot;:&quot;1&quot;,&quot;_animation&quot;:&quot;opal-move-up&quot;,&quot;column_spacing&quot;:{&quot;unit&quot;:&quot;px&quot;,&quot;size&quot;:30,&quot;sizes&quot;:[]},&quot;column_spacing_laptop&quot;:{&quot;unit&quot;:&quot;px&quot;,&quot;size&quot;:&quot;&quot;,&quot;sizes&quot;:[]},&quot;column_spacing_tablet_extra&quot;:{&quot;unit&quot;:&quot;px&quot;,&quot;size&quot;:&quot;&quot;,&quot;sizes&quot;:[]},&quot;column_spacing_tablet&quot;:{&quot;unit&quot;:&quot;px&quot;,&quot;size&quot;:&quot;&quot;,&quot;sizes&quot;:[]},&quot;column_spacing_mobile_extra&quot;:{&quot;unit&quot;:&quot;px&quot;,&quot;size&quot;:&quot;&quot;,&quot;sizes&quot;:[]},&quot;column_spacing_mobile&quot;:{&quot;unit&quot;:&quot;px&quot;,&quot;size&quot;:&quot;&quot;,&quot;sizes&quot;:[]}}\" data-widget_type=\"antra-services-list.default\">\n\t\t\t\t<div class=\"elementor-widget-container\">\n\t\t\t\t\t<div class=\"antra-service columns-1  elementor-service elementor-service-style1\">\n<div class=\"antra-con\">\n    <ul class=\"antra-service antra-list-wrapper clear-list-style elementor-grid\">\n\n<li class=\"antra-item service service-style-1 actived\">\n    <div class=\"service-block\">\n        <div class=\"service-top\">\n                    <div class=\"service-index-item\"><span>01<\/span><\/div>\n                            <figure class=\"post-thumbnail service-image\" data-cursor-text=\"View\">\n            <a href=\"https:\/\/noithatong.vn\/vi\/service\/commercial-interior-design\/\" title=\"X\u00e2y d\u1ef1ng: s\u00e0n, tr\u1ea7n, v\u00e1ch,...\">\n            <img fetchpriority=\"high\" decoding=\"async\" width=\"1920\" height=\"1080\" src=\"https:\/\/noithatong.vn\/wp-content\/uploads\/2025\/06\/Black-Elegant-Interior-Design-Presentation-2024-11-12T162803.158-1.jpg\" class=\"attachment-full size-full wp-post-image\" alt=\"\" srcset=\"https:\/\/noithatong.vn\/wp-content\/uploads\/2025\/06\/Black-Elegant-Interior-Design-Presentation-2024-11-12T162803.158-1.jpg 1920w, https:\/\/noithatong.vn\/wp-content\/uploads\/2025\/06\/Black-Elegant-Interior-Design-Presentation-2024-11-12T162803.158-1-300x169.jpg 300w, https:\/\/noithatong.vn\/wp-content\/uploads\/2025\/06\/Black-Elegant-Interior-Design-Presentation-2024-11-12T162803.158-1-1024x576.jpg 1024w, https:\/\/noithatong.vn\/wp-content\/uploads\/2025\/06\/Black-Elegant-Interior-Design-Presentation-2024-11-12T162803.158-1-768x432.jpg 768w, https:\/\/noithatong.vn\/wp-content\/uploads\/2025\/06\/Black-Elegant-Interior-Design-Presentation-2024-11-12T162803.158-1-1536x864.jpg 1536w, https:\/\/noithatong.vn\/wp-content\/uploads\/2025\/06\/Black-Elegant-Interior-Design-Presentation-2024-11-12T162803.158-1-860x484.jpg 860w\" sizes=\"(max-width: 1920px) 100vw, 1920px\" \/>            <\/a>\n        <\/figure>\n                <\/div>\n\n        <div class=\"service-caption\">\n            <div class=\"service-content-loop\">\n                <div class=\"service-content-box\">\n                            <h3 class=\"service-loop-title\">\n            <a href=\"https:\/\/noithatong.vn\/vi\/service\/commercial-interior-design\/\">X\u00e2y d\u1ef1ng: s\u00e0n, tr\u1ea7n, v\u00e1ch,...<\/a>\t\t<\/h3>\n                <div class=\"service-loop-exerpt\"><p>M\u1ed9t b\u1ed9 s\u01b0u t\u1eadp ch\u1ecdn l\u1ecdc c\u00e1c gi\u1ea3i ph\u00e1p v\u00e1ch ng\u0103n n\u1ed9i th\u1ea5t, gi\u00fap c\u1ea3i thi\u1ec7n l\u01b0u th\u00f4ng kh\u00f4ng gian, t\u1ea1o s\u1ef1 h\u00e0i h\u00f2a v\u1ec1 th\u1ecb gi\u00e1c v\u00e0 mang \u0111\u1ebfn c\u1ea5u tr\u00fac tinh t\u1ebf cho m\u1ecdi m\u00f4i tr\u01b0\u1eddng.<\/p>\n<\/div>\n                        <\/div>\n            <\/div>\n        <\/div>\n\n            <\/div>\n<\/li><li class=\"antra-item service service-style-1\">\n    <div class=\"service-block\">\n        <div class=\"service-top\">\n                    <div class=\"service-index-item\"><span>02<\/span><\/div>\n                            <figure class=\"post-thumbnail service-image\" data-cursor-text=\"View\">\n            <a href=\"https:\/\/noithatong.vn\/vi\/service\/interior-design-consultation\/\" title=\"H\u1ec7 th\u1ed1ng \u0111i\u1ec7n, m\u1ea1ng\">\n            <img decoding=\"async\" width=\"1024\" height=\"576\" src=\"https:\/\/noithatong.vn\/wp-content\/uploads\/2025\/06\/network-testing-1024x576-1.jpg\" class=\"attachment-full size-full wp-post-image\" alt=\"\" srcset=\"https:\/\/noithatong.vn\/wp-content\/uploads\/2025\/06\/network-testing-1024x576-1.jpg 1024w, https:\/\/noithatong.vn\/wp-content\/uploads\/2025\/06\/network-testing-1024x576-1-300x169.jpg 300w, https:\/\/noithatong.vn\/wp-content\/uploads\/2025\/06\/network-testing-1024x576-1-768x432.jpg 768w, https:\/\/noithatong.vn\/wp-content\/uploads\/2025\/06\/network-testing-1024x576-1-860x484.jpg 860w\" sizes=\"(max-width: 1024px) 100vw, 1024px\" \/>            <\/a>\n        <\/figure>\n                <\/div>\n\n        <div class=\"service-caption\">\n            <div class=\"service-content-loop\">\n                <div class=\"service-content-box\">\n                            <h3 class=\"service-loop-title\">\n            <a href=\"https:\/\/noithatong.vn\/vi\/service\/interior-design-consultation\/\">H\u1ec7 th\u1ed1ng \u0111i\u1ec7n, m\u1ea1ng<\/a>\t\t<\/h3>\n                <div class=\"service-loop-exerpt\"><p>C\u00e1c gi\u1ea3i ph\u00e1p h\u1ea1 t\u1ea7ng m\u1ea1ng v\u00e0 \u0111i\u1ec7n to\u00e0n di\u1ec7n, bao g\u1ed3m h\u1ec7 th\u1ed1ng c\u00e1p c\u1ea5u tr\u00fac, \u1ed5 c\u1eafm \u0111i\u1ec7n v\u00e0 l\u1eafp \u0111\u1eb7t trung t\u00e2m d\u1eef li\u1ec7u, \u0111\u01b0\u1ee3c thi\u1ebft k\u1ebf \u0111\u1ec3 \u0111\u1ea3m b\u1ea3o hi\u1ec7u su\u1ea5t v\u00e0 \u0111\u1ed9 tin c\u1eady cao.<\/p>\n<\/div>\n                        <\/div>\n            <\/div>\n        <\/div>\n\n            <\/div>\n<\/li><li class=\"antra-item service service-style-1\">\n    <div class=\"service-block\">\n        <div class=\"service-top\">\n                    <div class=\"service-index-item\"><span>03<\/span><\/div>\n                            <figure class=\"post-thumbnail service-image\" data-cursor-text=\"View\">\n            <a href=\"https:\/\/noithatong.vn\/vi\/service\/outdoor-landscape-design\/\" title=\"Air conditioning and fire protection systems (HVAC &#038; Firefighting)\">\n            <img decoding=\"async\" width=\"800\" height=\"500\" src=\"https:\/\/noithatong.vn\/wp-content\/uploads\/2025\/06\/tu-van-thiet-ke-lap-dat-pcccc.jpg\" class=\"attachment-full size-full wp-post-image\" alt=\"\" srcset=\"https:\/\/noithatong.vn\/wp-content\/uploads\/2025\/06\/tu-van-thiet-ke-lap-dat-pcccc.jpg 800w, https:\/\/noithatong.vn\/wp-content\/uploads\/2025\/06\/tu-van-thiet-ke-lap-dat-pcccc-300x188.jpg 300w, https:\/\/noithatong.vn\/wp-content\/uploads\/2025\/06\/tu-van-thiet-ke-lap-dat-pcccc-768x480.jpg 768w\" sizes=\"(max-width: 800px) 100vw, 800px\" \/>            <\/a>\n        <\/figure>\n                <\/div>\n\n        <div class=\"service-caption\">\n            <div class=\"service-content-loop\">\n                <div class=\"service-content-box\">\n                            <h3 class=\"service-loop-title\">\n            <a href=\"https:\/\/noithatong.vn\/vi\/service\/outdoor-landscape-design\/\">H\u1ec7 th\u1ed1ng l\u1ea1nh, PCCC<\/a>\t\t<\/h3>\n                <div class=\"service-loop-exerpt\"><p>Thi\u1ebft k\u1ebf v\u00e0 l\u1eafp \u0111\u1eb7t h\u1ec7 th\u1ed1ng ph\u00f2ng ch\u00e1y ch\u1eefa ch\u00e1y chuy\u00ean nghi\u1ec7p, \u0111\u1ea3m b\u1ea3o an to\u00e0n, tu\u00e2n th\u1ee7 quy \u0111\u1ecbnh v\u00e0 hi\u1ec7u su\u1ea5t \u0111\u00e1ng tin c\u1eady cho c\u00e1c m\u00f4i tr\u01b0\u1eddng nh\u00e0 \u1edf, th\u01b0\u01a1ng m\u1ea1i v\u00e0 c\u00f4ng nghi\u1ec7p.<\/p>\n<\/div>\n                        <\/div>\n            <\/div>\n        <\/div>\n\n            <\/div>\n<\/li><li class=\"antra-item service service-style-1\">\n    <div class=\"service-block\">\n        <div class=\"service-top\">\n                    <div class=\"service-index-item\"><span>04<\/span><\/div>\n                            <figure class=\"post-thumbnail service-image\" data-cursor-text=\"View\">\n            <a href=\"https:\/\/noithatong.vn\/vi\/service\/renovation-and-remodeling\/\" title=\"\u0110\u1ed3 n\u1ed9i th\u1ea5t: b\u00e0n, gh\u1ebf, t\u1ee7, k\u1ec7\">\n            <img loading=\"lazy\" decoding=\"async\" width=\"800\" height=\"456\" src=\"https:\/\/noithatong.vn\/wp-content\/uploads\/2025\/06\/The-Latest-Home-Renovation-And-Remodeling-Ideas.webp\" class=\"attachment-full size-full wp-post-image\" alt=\"\" srcset=\"https:\/\/noithatong.vn\/wp-content\/uploads\/2025\/06\/The-Latest-Home-Renovation-And-Remodeling-Ideas.webp 800w, https:\/\/noithatong.vn\/wp-content\/uploads\/2025\/06\/The-Latest-Home-Renovation-And-Remodeling-Ideas-300x171.webp 300w, https:\/\/noithatong.vn\/wp-content\/uploads\/2025\/06\/The-Latest-Home-Renovation-And-Remodeling-Ideas-768x438.webp 768w\" sizes=\"(max-width: 800px) 100vw, 800px\" \/>            <\/a>\n        <\/figure>\n                <\/div>\n\n        <div class=\"service-caption\">\n            <div class=\"service-content-loop\">\n                <div class=\"service-content-box\">\n                            <h3 class=\"service-loop-title\">\n            <a href=\"https:\/\/noithatong.vn\/vi\/service\/renovation-and-remodeling\/\">\u0110\u1ed3 n\u1ed9i th\u1ea5t: b\u00e0n, gh\u1ebf, t\u1ee7, k\u1ec7<\/a>\t\t<\/h3>\n                <div class=\"service-loop-exerpt\"><p>\u0110\u1ea1i tu kh\u00f4ng gian hi\u1ec7n c\u00f3 \u0111\u1ec3 hi\u1ec7n \u0111\u1ea1i h\u00f3a, \u0111\u1ed3ng th\u1eddi n\u00e2ng cao t\u00ednh n\u0103ng s\u1eed d\u1ee5ng v\u00e0 th\u1ea9m m\u1ef9.<\/p>\n<\/div>\n                        <\/div>\n            <\/div>\n        <\/div>\n\n            <\/div>\n<\/li><li class=\"antra-item service service-style-1\">\n    <div class=\"service-block\">\n        <div class=\"service-top\">\n                    <div class=\"service-index-item\"><span>05<\/span><\/div>\n                            <figure class=\"post-thumbnail service-image\" data-cursor-text=\"View\">\n            <a href=\"https:\/\/noithatong.vn\/vi\/service\/interior-2d-3d-layouts\/\" title=\"Decor\">\n            <img loading=\"lazy\" decoding=\"async\" width=\"2500\" height=\"1563\" src=\"https:\/\/noithatong.vn\/wp-content\/uploads\/2025\/11\/v5.jpg\" class=\"attachment-full size-full wp-post-image\" alt=\"\" srcset=\"https:\/\/noithatong.vn\/wp-content\/uploads\/2025\/11\/v5.jpg 2500w, https:\/\/noithatong.vn\/wp-content\/uploads\/2025\/11\/v5-300x188.jpg 300w, https:\/\/noithatong.vn\/wp-content\/uploads\/2025\/11\/v5-1024x640.jpg 1024w, https:\/\/noithatong.vn\/wp-content\/uploads\/2025\/11\/v5-768x480.jpg 768w, https:\/\/noithatong.vn\/wp-content\/uploads\/2025\/11\/v5-1536x960.jpg 1536w, https:\/\/noithatong.vn\/wp-content\/uploads\/2025\/11\/v5-2048x1280.jpg 2048w, https:\/\/noithatong.vn\/wp-content\/uploads\/2025\/11\/v5-860x538.jpg 860w\" sizes=\"(max-width: 2500px) 100vw, 2500px\" \/>            <\/a>\n        <\/figure>\n                <\/div>\n\n        <div class=\"service-caption\">\n            <div class=\"service-content-loop\">\n                <div class=\"service-content-box\">\n                            <h3 class=\"service-loop-title\">\n            <a href=\"https:\/\/noithatong.vn\/vi\/service\/interior-2d-3d-layouts\/\">Decor<\/a>\t\t<\/h3>\n                <div class=\"service-loop-exerpt\"><p>D\u1ecbch v\u1ee5 thi\u1ebft k\u1ebf v\u00e0 thi c\u00f4ng n\u1ed9i th\u1ea5t to\u00e0n di\u1ec7n, bi\u1ebfn \u0111\u1ed5i kh\u00f4ng gian nh\u1edd k\u1ebf ho\u1ea1ch t\u1ec9 m\u1ec9, v\u1eadt li\u1ec7u cao c\u1ea5p v\u00e0 tay ngh\u1ec1 tinh x\u1ea3o.<\/p>\n<\/div>\n                        <\/div>\n            <\/div>\n        <\/div>\n\n            <\/div>\n<\/li>    <\/ul>\n<\/div><\/div>\t\t\t\t<\/div>\n\t\t\t\t<\/div>\n\t\t\t\t\t<\/div>\n\t\t\t\t<\/div>\n\t\t\t\t<\/div>","protected":false},"excerpt":{"rendered":"","protected":false},"author":1,"featured_media":0,"parent":0,"menu_order":0,"comment_status":"closed","ping_status":"closed","template":"","meta":{"footnotes":""},"class_list":["post-26","page","type-page","status-publish","hentry"],"_links":{"self":[{"href":"https:\/\/noithatong.vn\/vi\/wp-json\/wp\/v2\/pages\/26","targetHints":{"allow":["GET"]}}],"collection":[{"href":"https:\/\/noithatong.vn\/vi\/wp-json\/wp\/v2\/pages"}],"about":[{"href":"https:\/\/noithatong.vn\/vi\/wp-json\/wp\/v2\/types\/page"}],"author":[{"embeddable":true,"href":"https:\/\/noithatong.vn\/vi\/wp-json\/wp\/v2\/users\/1"}],"replies":[{"embeddable":true,"href":"https:\/\/noithatong.vn\/vi\/wp-json\/wp\/v2\/comments?post=26"}],"version-history":[{"count":0,"href":"https:\/\/noithatong.vn\/vi\/wp-json\/wp\/v2\/pages\/26\/revisions"}],"wp:attachment":[{"href":"https:\/\/noithatong.vn\/vi\/wp-json\/wp\/v2\/media?parent=26"}],"curies":[{"name":"wp","href":"https:\/\/api.w.org\/{rel}","templated":true}]}}