{"id":33,"date":"2025-06-02T03:15:27","date_gmt":"2025-06-02T03:15:27","guid":{"rendered":"https:\/\/noithatong.vn\/our-teams\/"},"modified":"2025-06-02T03:15:27","modified_gmt":"2025-06-02T03:15:27","slug":"our-teams","status":"publish","type":"page","link":"https:\/\/noithatong.vn\/vi\/our-teams\/","title":{"rendered":"Our Teams"},"content":{"rendered":"<div data-elementor-type=\"wp-page\" data-elementor-id=\"33\" class=\"elementor elementor-33\">\n\t\t\t\t<div class=\"elementor-element elementor-element-5fb9b14 e-flex e-con-boxed e-con e-parent\" data-id=\"5fb9b14\" data-element_type=\"container\">\n\t\t\t\t\t<div class=\"e-con-inner\">\n\t\t<div class=\"elementor-element elementor-element-27ee660 e-con-full e-flex e-con e-child\" data-id=\"27ee660\" data-element_type=\"container\" data-settings=\"{&quot;background_background&quot;:&quot;classic&quot;}\">\n\t\t<div class=\"elementor-element elementor-element-68f8835 e-con-full e-flex e-con e-child\" data-id=\"68f8835\" data-element_type=\"container\">\n\t\t\t\t<div class=\"elementor-element elementor-element-9b280da elementor-absolute elementor-view-default elementor-widget elementor-widget-icon\" data-id=\"9b280da\" data-element_type=\"widget\" data-settings=\"{&quot;_position&quot;:&quot;absolute&quot;,&quot;motion_fx_motion_fx_scrolling&quot;:&quot;yes&quot;,&quot;motion_fx_translateX_effect&quot;:&quot;yes&quot;,&quot;motion_fx_translateX_speed&quot;:{&quot;unit&quot;:&quot;px&quot;,&quot;size&quot;:1.5,&quot;sizes&quot;:[]},&quot;motion_fx_translateX_affectedRange&quot;:{&quot;unit&quot;:&quot;%&quot;,&quot;size&quot;:&quot;&quot;,&quot;sizes&quot;:{&quot;start&quot;:0,&quot;end&quot;:100}},&quot;motion_fx_devices&quot;:[&quot;desktop&quot;,&quot;laptop&quot;,&quot;tablet_extra&quot;,&quot;tablet&quot;,&quot;mobile_extra&quot;,&quot;mobile&quot;]}\" data-widget_type=\"icon.default\">\n\t\t\t\t\t\t\t<div class=\"elementor-icon-wrapper\">\n\t\t\t<div class=\"elementor-icon\">\n\t\t\t\t\t\t<\/div>\n\t\t<\/div>\n\t\t\t\t\t\t<\/div>\n\t\t\t\t<div class=\"elementor-element elementor-element-2c4aefb elementor-widget__width-auto elementor-absolute elementor-view-default elementor-widget elementor-widget-icon\" data-id=\"2c4aefb\" data-element_type=\"widget\" data-settings=\"{&quot;_position&quot;:&quot;absolute&quot;,&quot;motion_fx_motion_fx_scrolling&quot;:&quot;yes&quot;,&quot;motion_fx_translateY_effect&quot;:&quot;yes&quot;,&quot;motion_fx_translateY_direction&quot;:&quot;negative&quot;,&quot;motion_fx_translateY_speed&quot;:{&quot;unit&quot;:&quot;px&quot;,&quot;size&quot;:1.2,&quot;sizes&quot;:[]},&quot;motion_fx_translateY_affectedRange&quot;:{&quot;unit&quot;:&quot;%&quot;,&quot;size&quot;:&quot;&quot;,&quot;sizes&quot;:{&quot;start&quot;:0,&quot;end&quot;:100}},&quot;motion_fx_devices&quot;:[&quot;desktop&quot;,&quot;laptop&quot;,&quot;tablet_extra&quot;,&quot;tablet&quot;,&quot;mobile_extra&quot;,&quot;mobile&quot;]}\" data-widget_type=\"icon.default\">\n\t\t\t\t\t\t\t<div class=\"elementor-icon-wrapper\">\n\t\t\t<div class=\"elementor-icon\">\n\t\t\t\t\t\t<\/div>\n\t\t<\/div>\n\t\t\t\t\t\t<\/div>\n\t\t\t\t<div class=\"elementor-element elementor-element-cc40d8f subtitle-position-above elementor-mobile_extra-align-left elementor-mobile-align-center elementor-widget elementor-widget-antra-heading\" data-id=\"cc40d8f\" data-element_type=\"widget\" data-widget_type=\"antra-heading.default\">\n\t\t\t\t<div class=\"elementor-widget-container\">\n\t\t\t\t\t<div class=\"elementor-heading-wrapper-inner\"><div class=\"elementor-sub-title\"><span class=\"elementor-title-span\">                <span class=\"elementor-button-icon antra-subtitle-icon-left\">\n                    <i aria-hidden=\"true\" class=\"antra-icon- antra-icon-dot\"><\/i>                <\/span>\n                \u0111\u1ed9i ng\u0169 nh\u00e2n s\u1ef1<\/span><\/div><\/div>\t\t\t\t<\/div>\n\t\t\t\t<\/div>\n\t\t\t\t<\/div>\n\t\t<div class=\"elementor-element elementor-element-d6f8fa6 e-con-full e-flex e-con e-child\" data-id=\"d6f8fa6\" data-element_type=\"container\">\n\t\t\t\t<div class=\"elementor-element elementor-element-209f107 elementor-widget__width-initial elementor-widget elementor-widget-heading\" data-id=\"209f107\" data-element_type=\"widget\" data-widget_type=\"heading.default\">\n\t\t\t\t\t<h2 data-cursor=\"-opaque\" class=\"elementor-heading-title elementor-size-default\">Meet the <span class=\"c-primary\">Experts Our interior<\/span> designers<\/h2>\t\t\t\t<\/div>\n\t\t\t\t<\/div>\n\t\t\t\t<\/div>\n\t\t\t\t\t<\/div>\n\t\t\t\t<\/div>\n\t\t<div class=\"elementor-element elementor-element-3e498c6 e-flex e-con-boxed e-con e-parent\" data-id=\"3e498c6\" data-element_type=\"container\">\n\t\t\t\t\t<div class=\"e-con-inner\">\n\t\t<div class=\"elementor-element elementor-element-56c9fc9 e-con-full e-flex e-con e-child\" data-id=\"56c9fc9\" data-element_type=\"container\">\n\t\t\t\t<div class=\"elementor-element elementor-element-56a3203 elementor-grid-1 elementor-grid-mobile_extra-2 elementor-grid-mobile-1 elementor-widget elementor-widget-antra-teams-list\" data-id=\"56a3203\" data-element_type=\"widget\" data-settings=\"{&quot;column&quot;:&quot;1&quot;,&quot;column_spacing&quot;:{&quot;unit&quot;:&quot;px&quot;,&quot;size&quot;:31,&quot;sizes&quot;:[]},&quot;column_mobile_extra&quot;:&quot;2&quot;,&quot;column_mobile&quot;:&quot;1&quot;,&quot;column_spacing_mobile&quot;:{&quot;unit&quot;:&quot;px&quot;,&quot;size&quot;:15,&quot;sizes&quot;:[]},&quot;column_spacing_laptop&quot;:{&quot;unit&quot;:&quot;px&quot;,&quot;size&quot;:&quot;&quot;,&quot;sizes&quot;:[]},&quot;column_spacing_tablet_extra&quot;:{&quot;unit&quot;:&quot;px&quot;,&quot;size&quot;:&quot;&quot;,&quot;sizes&quot;:[]},&quot;column_spacing_tablet&quot;:{&quot;unit&quot;:&quot;px&quot;,&quot;size&quot;:&quot;&quot;,&quot;sizes&quot;:[]},&quot;column_spacing_mobile_extra&quot;:{&quot;unit&quot;:&quot;px&quot;,&quot;size&quot;:&quot;&quot;,&quot;sizes&quot;:[]}}\" data-widget_type=\"antra-teams-list.default\">\n\t\t\t\t<div class=\"elementor-widget-container\">\n\t\t\t\t\t<div class=\"antra-team columns-1 elementor-teamelementor-team-style1\">No data was founded<\/div>\t\t\t\t<\/div>\n\t\t\t\t<\/div>\n\t\t\t\t<\/div>\n\t\t<div class=\"elementor-element elementor-element-eb6c84c e-con-full e-flex e-con e-child\" data-id=\"eb6c84c\" data-element_type=\"container\">\n\t\t\t\t<div class=\"elementor-element elementor-element-5be7561 elementor-grid-1 elementor-grid-mobile_extra-2 elementor-grid-mobile-1 elementor-widget elementor-widget-antra-teams-list\" data-id=\"5be7561\" data-element_type=\"widget\" data-settings=\"{&quot;column&quot;:&quot;1&quot;,&quot;column_spacing&quot;:{&quot;unit&quot;:&quot;px&quot;,&quot;size&quot;:31,&quot;sizes&quot;:[]},&quot;column_mobile_extra&quot;:&quot;2&quot;,&quot;column_mobile&quot;:&quot;1&quot;,&quot;column_spacing_mobile&quot;:{&quot;unit&quot;:&quot;px&quot;,&quot;size&quot;:15,&quot;sizes&quot;:[]},&quot;column_spacing_laptop&quot;:{&quot;unit&quot;:&quot;px&quot;,&quot;size&quot;:&quot;&quot;,&quot;sizes&quot;:[]},&quot;column_spacing_tablet_extra&quot;:{&quot;unit&quot;:&quot;px&quot;,&quot;size&quot;:&quot;&quot;,&quot;sizes&quot;:[]},&quot;column_spacing_tablet&quot;:{&quot;unit&quot;:&quot;px&quot;,&quot;size&quot;:&quot;&quot;,&quot;sizes&quot;:[]},&quot;column_spacing_mobile_extra&quot;:{&quot;unit&quot;:&quot;px&quot;,&quot;size&quot;:&quot;&quot;,&quot;sizes&quot;:[]}}\" data-widget_type=\"antra-teams-list.default\">\n\t\t\t\t<div class=\"elementor-widget-container\">\n\t\t\t\t\t<div class=\"antra-team columns-1 elementor-teamelementor-team-style1\">No data was founded<\/div>\t\t\t\t<\/div>\n\t\t\t\t<\/div>\n\t\t\t\t<\/div>\n\t\t<div class=\"elementor-element elementor-element-4022405 e-con-full e-flex e-con e-child\" data-id=\"4022405\" data-element_type=\"container\">\n\t\t\t\t<div class=\"elementor-element elementor-element-25ffb2a elementor-grid-1 elementor-grid-mobile_extra-2 elementor-grid-mobile-1 elementor-widget elementor-widget-antra-teams-list\" data-id=\"25ffb2a\" data-element_type=\"widget\" data-settings=\"{&quot;column&quot;:&quot;1&quot;,&quot;column_spacing&quot;:{&quot;unit&quot;:&quot;px&quot;,&quot;size&quot;:31,&quot;sizes&quot;:[]},&quot;column_mobile_extra&quot;:&quot;2&quot;,&quot;column_mobile&quot;:&quot;1&quot;,&quot;column_spacing_mobile&quot;:{&quot;unit&quot;:&quot;px&quot;,&quot;size&quot;:15,&quot;sizes&quot;:[]},&quot;column_spacing_laptop&quot;:{&quot;unit&quot;:&quot;px&quot;,&quot;size&quot;:&quot;&quot;,&quot;sizes&quot;:[]},&quot;column_spacing_tablet_extra&quot;:{&quot;unit&quot;:&quot;px&quot;,&quot;size&quot;:&quot;&quot;,&quot;sizes&quot;:[]},&quot;column_spacing_tablet&quot;:{&quot;unit&quot;:&quot;px&quot;,&quot;size&quot;:&quot;&quot;,&quot;sizes&quot;:[]},&quot;column_spacing_mobile_extra&quot;:{&quot;unit&quot;:&quot;px&quot;,&quot;size&quot;:&quot;&quot;,&quot;sizes&quot;:[]}}\" data-widget_type=\"antra-teams-list.default\">\n\t\t\t\t<div class=\"elementor-widget-container\">\n\t\t\t\t\t<div class=\"antra-team columns-1 elementor-teamelementor-team-style1\">No data was founded<\/div>\t\t\t\t<\/div>\n\t\t\t\t<\/div>\n\t\t\t\t<\/div>\n\t\t\t\t\t<\/div>\n\t\t\t\t<\/div>\n\t\t<div class=\"elementor-element elementor-element-a6e24df e-flex e-con-boxed e-con e-parent\" data-id=\"a6e24df\" data-element_type=\"container\" data-settings=\"{&quot;background_background&quot;:&quot;classic&quot;}\">\n\t\t\t\t\t<div class=\"e-con-inner\">\n\t\t\t\t<div class=\"elementor-element elementor-element-9cb4370 elementor-view-default elementor-widget elementor-widget-icon\" data-id=\"9cb4370\" data-element_type=\"widget\" data-widget_type=\"icon.default\">\n\t\t\t\t\t\t\t<div class=\"elementor-icon-wrapper\">\n\t\t\t<div class=\"elementor-icon\">\n\t\t\t<i aria-hidden=\"true\" class=\"antra-icon- antra-icon-antra\"><\/i>\t\t\t<\/div>\n\t\t<\/div>\n\t\t\t\t\t\t<\/div>\n\t\t<div class=\"elementor-element elementor-element-b451a48 e-con-full e-flex e-con e-child\" data-id=\"b451a48\" data-element_type=\"container\">\n\t\t\t\t<div class=\"elementor-element elementor-element-bc0f6ab elementor-grid-1 elementor-valign-top elementor-widget__width-initial antra-testimonial-layout-1 overflow-to-none elementor-widget elementor-widget-antra-testimonials\" data-id=\"bc0f6ab\" data-element_type=\"widget\" data-settings=\"{&quot;column&quot;:&quot;1&quot;,&quot;navigation&quot;:&quot;none&quot;,&quot;autoplay&quot;:&quot;no&quot;,&quot;column_spacing_swiper&quot;:{&quot;unit&quot;:&quot;px&quot;,&quot;size&quot;:30,&quot;sizes&quot;:[]},&quot;column_spacing_swiper_laptop&quot;:{&quot;unit&quot;:&quot;px&quot;,&quot;size&quot;:&quot;&quot;,&quot;sizes&quot;:[]},&quot;column_spacing_swiper_tablet_extra&quot;:{&quot;unit&quot;:&quot;px&quot;,&quot;size&quot;:&quot;&quot;,&quot;sizes&quot;:[]},&quot;column_spacing_swiper_tablet&quot;:{&quot;unit&quot;:&quot;px&quot;,&quot;size&quot;:&quot;&quot;,&quot;sizes&quot;:[]},&quot;column_spacing_swiper_mobile_extra&quot;:{&quot;unit&quot;:&quot;px&quot;,&quot;size&quot;:&quot;&quot;,&quot;sizes&quot;:[]},&quot;column_spacing_swiper_mobile&quot;:{&quot;unit&quot;:&quot;px&quot;,&quot;size&quot;:&quot;&quot;,&quot;sizes&quot;:[]},&quot;swiper_overflow&quot;:&quot;none&quot;,&quot;drag_move&quot;:&quot;yes&quot;,&quot;infinite&quot;:&quot;yes&quot;,&quot;speed&quot;:500}\" data-widget_type=\"antra-testimonials.default\">\n\t\t\t\t<div class=\"elementor-widget-container\">\n\t\t\t\t\t            <div class=\"elementor-testimonial-item-wrapper antra-wrapper antra-swiper-wrapper swiper\">\n                <div class=\"antra-con swiper antra-swiper\">\n                    <div class=\"antra-con-inner swiper-wrapper\">\n                                                    <div class=\"swiper-slide elementor-grid-item elementor-testimonial-item\">\n                                                                    <div class=\"item-inner inner\">\n                                        <div class=\"testimonial-content-text\">\n                                                                                        \n                                                                                            <div class=\"content\">\u201cT\u00f4i ho\u00e0n to\u00e0n y\u00eau th\u00edch ph\u00f2ng kh\u00e1ch hi\u1ec7n \u0111\u1ea1i m\u1edbi c\u1ee7a m\u00ecnh! C\u00e1c \u0111\u01b0\u1eddng n\u00e9t g\u1ecdn g\u00e0ng, t\u00f4ng m\u00e0u trung t\u00ednh v\u00e0 n\u1ed9i th\u1ea5t t\u1ed1i gi\u1ea3n t\u1ea1o n\u00ean m\u1ed9t kh\u00f4ng gian v\u1eeba thanh b\u00ecnh v\u1eeba phong c\u00e1ch. R\u1ea5t khuy\u00ean b\u1ea1n s\u1eed d\u1ee5ng d\u1ecbch v\u1ee5 thi\u1ebft k\u1ebf n\u1ed9i th\u1ea5t hi\u1ec7n \u0111\u1ea1i c\u1ee7a h\u1ecd!\u201d<\/div>\n                                                                                        <div class=\"testimonial-caption\">\n                                                <div class=\"caption-top\">\n                                                                <div class=\"elementor-testimonial-image\">\n                <img decoding=\"async\" width=\"64\" height=\"64\" src=\"https:\/\/noithatong.vn\/wp-content\/uploads\/2025\/06\/testimonials-1.jpg\" class=\"attachment-full size-full wp-image-2093\" alt=\"\" srcset=\"https:\/\/noithatong.vn\/wp-content\/uploads\/2025\/06\/testimonials-1.jpg 64w, https:\/\/noithatong.vn\/wp-content\/uploads\/2025\/06\/testimonials-1-50x50.jpg 50w\" sizes=\"(max-width: 64px) 100vw, 64px\" \/>            <\/div>\n                                                                                                            <\/div>\n                                                <div class=\"caption-bottom\">\n                                                    <div class=\"details\">\n                                                        <span class=\"name\">Morgan Dufresne<\/span>                                                                                                                    <span class=\"job\">Company owner<\/span>\n                                                                                                            <\/div>\n                                                <\/div>\n                                            <\/div>\n                                        <\/div>\n                                    <\/div>\n                                                                                            <\/div>\n                                                    <div class=\"swiper-slide elementor-grid-item elementor-testimonial-item\">\n                                                                    <div class=\"item-inner inner\">\n                                        <div class=\"testimonial-content-text\">\n                                                                                        \n                                                                                            <div class=\"content\">\u201cM\u1ed9t tr\u1ea3i nghi\u1ec7m tuy\u1ec7t v\u1eddi! H\u1ecd r\u1ea5t chuy\u00ean nghi\u1ec7p v\u00e0 hi\u1ec3u bi\u1ebft s\u00e2u s\u1eafc trong su\u1ed1t qu\u00e1 tr\u00ecnh th\u1ef1c hi\u1ec7n.\u201d<\/div>\n                                                                                        <div class=\"testimonial-caption\">\n                                                <div class=\"caption-top\">\n                                                                <div class=\"elementor-testimonial-image\">\n                <img fetchpriority=\"high\" decoding=\"async\" width=\"640\" height=\"815\" src=\"https:\/\/noithatong.vn\/wp-content\/uploads\/2025\/06\/team-1.jpg\" class=\"attachment-full size-full wp-image-432\" alt=\"\" srcset=\"https:\/\/noithatong.vn\/wp-content\/uploads\/2025\/06\/team-1.jpg 640w, https:\/\/noithatong.vn\/wp-content\/uploads\/2025\/06\/team-1-236x300.jpg 236w, https:\/\/noithatong.vn\/wp-content\/uploads\/2025\/06\/team-1-494x629.jpg 494w, https:\/\/noithatong.vn\/wp-content\/uploads\/2025\/06\/team-1-600x764.jpg 600w\" sizes=\"(max-width: 640px) 100vw, 640px\" \/>            <\/div>\n                                                                                                            <\/div>\n                                                <div class=\"caption-bottom\">\n                                                    <div class=\"details\">\n                                                        <span class=\"name\">Olivia Peterson<\/span>                                                                                                                    <span class=\"job\">Co-founder<\/span>\n                                                                                                            <\/div>\n                                                <\/div>\n                                            <\/div>\n                                        <\/div>\n                                    <\/div>\n                                                                                            <\/div>\n                                            <\/div>\n                <\/div>\n\n                                                                            <\/div>\n            \t\t\t\t<\/div>\n\t\t\t\t<\/div>\n\t\t\t\t<\/div>\n\t\t\t\t\t<\/div>\n\t\t\t\t<\/div>\n\t\t\t\t<\/div>","protected":false},"excerpt":{"rendered":"","protected":false},"author":1,"featured_media":0,"parent":0,"menu_order":0,"comment_status":"closed","ping_status":"closed","template":"","meta":{"footnotes":""},"class_list":["post-33","page","type-page","status-publish","hentry"],"_links":{"self":[{"href":"https:\/\/noithatong.vn\/vi\/wp-json\/wp\/v2\/pages\/33","targetHints":{"allow":["GET"]}}],"collection":[{"href":"https:\/\/noithatong.vn\/vi\/wp-json\/wp\/v2\/pages"}],"about":[{"href":"https:\/\/noithatong.vn\/vi\/wp-json\/wp\/v2\/types\/page"}],"author":[{"embeddable":true,"href":"https:\/\/noithatong.vn\/vi\/wp-json\/wp\/v2\/users\/1"}],"replies":[{"embeddable":true,"href":"https:\/\/noithatong.vn\/vi\/wp-json\/wp\/v2\/comments?post=33"}],"version-history":[{"count":0,"href":"https:\/\/noithatong.vn\/vi\/wp-json\/wp\/v2\/pages\/33\/revisions"}],"wp:attachment":[{"href":"https:\/\/noithatong.vn\/vi\/wp-json\/wp\/v2\/media?parent=33"}],"curies":[{"name":"wp","href":"https:\/\/api.w.org\/{rel}","templated":true}]}}